{"id":41343,"date":"2026-02-16T12:50:06","date_gmt":"2026-02-16T11:50:06","guid":{"rendered":"https:\/\/prodboc.fr\/site36\/?page_id=41343"},"modified":"2026-02-16T12:54:40","modified_gmt":"2026-02-16T11:54:40","slug":"actualites","status":"publish","type":"page","link":"https:\/\/prodboc.fr\/site36\/actualites\/","title":{"rendered":"Actualit\u00e9s"},"content":{"rendered":"<p>[et_pb_section fb_built=\u00a0\u00bb1&Prime; custom_padding_last_edited=\u00a0\u00bbon|phone\u00a0\u00bb _builder_version=\u00a0\u00bb4.27.5&Prime; _module_preset=\u00a0\u00bbdefault\u00a0\u00bb use_background_color_gradient=\u00a0\u00bbon\u00a0\u00bb background_color_gradient_stops=\u00a0\u00bbrgba(27,18,61,0.5) 0%|rgba(27,18,61,0.5) 100%\u00a0\u00bb background_color_gradient_overlays_image=\u00a0\u00bbon\u00a0\u00bb background_color_gradient_start=\u00a0\u00bbrgba(27,18,61,0.5)\u00a0\u00bb background_color_gradient_end=\u00a0\u00bbrgba(27,18,61,0.5)\u00a0\u00bb background_image=\u00a0\u00bbhttps:\/\/prodboc.fr\/site36\/wp-content\/uploads\/2022\/02\/femme-notaire-scaled.jpg\u00a0\u00bb background_position=\u00a0\u00bbtop_center\u00a0\u00bb custom_padding=\u00a0\u00bb0px||3px||false|false\u00a0\u00bb custom_padding_tablet=\u00a0\u00bb30px||30px||false|false\u00a0\u00bb custom_padding_phone=\u00a0\u00bb50px||50px||false|false\u00a0\u00bb global_colors_info=\u00a0\u00bb{}\u00a0\u00bb][et_pb_row use_custom_gutter=\u00a0\u00bbon\u00a0\u00bb gutter_width=\u00a0\u00bb2&Prime; make_equal=\u00a0\u00bbon\u00a0\u00bb custom_padding_last_edited=\u00a0\u00bbon|phone\u00a0\u00bb _builder_version=\u00a0\u00bb4.16&Prime; _module_preset=\u00a0\u00bbdefault\u00a0\u00bb width=\u00a0\u00bb90%\u00a0\u00bb width_tablet=\u00a0\u00bb90%\u00a0\u00bb width_phone=\u00a0\u00bb90%\u00a0\u00bb width_last_edited=\u00a0\u00bbon|tablet\u00a0\u00bb max_width=\u00a0\u00bb1200px\u00a0\u00bb max_width_tablet=\u00a0\u00bb90%\u00a0\u00bb max_width_phone=\u00a0\u00bb90%\u00a0\u00bb max_width_last_edited=\u00a0\u00bbon|desktop\u00a0\u00bb custom_padding=\u00a0\u00bb10.6vh||10.6vh||true|false\u00a0\u00bb custom_padding_tablet=\u00a0\u00bb0vh||10px||false|false\u00a0\u00bb custom_padding_phone=\u00a0\u00bb0vh||0vh||true|false\u00a0\u00bb animation_style=\u00a0\u00bbslide\u00a0\u00bb animation_direction=\u00a0\u00bbtop\u00a0\u00bb animation_duration=\u00a0\u00bb750ms\u00a0\u00bb animation_speed_curve=\u00a0\u00bbease\u00a0\u00bb global_colors_info=\u00a0\u00bb{}\u00a0\u00bb][et_pb_column type=\u00a0\u00bb4_4&Prime; _builder_version=\u00a0\u00bb4.16&Prime; _module_preset=\u00a0\u00bbdefault\u00a0\u00bb global_colors_info=\u00a0\u00bb{}\u00a0\u00bb][et_pb_text _builder_version=\u00a0\u00bb4.16&Prime; _module_preset=\u00a0\u00bbdefault\u00a0\u00bb header_font=\u00a0\u00bbJost||||||||\u00a0\u00bb header_text_align=\u00a0\u00bbleft\u00a0\u00bb header_text_color=\u00a0\u00bb#FFFFFF\u00a0\u00bb header_font_size=\u00a0\u00bb75px\u00a0\u00bb header_line_height=\u00a0\u00bb1.2em\u00a0\u00bb custom_margin_tablet=\u00a0\u00bb\u00a0\u00bb custom_margin_phone=\u00a0\u00bb40px||||false|false\u00a0\u00bb custom_margin_last_edited=\u00a0\u00bbon|phone\u00a0\u00bb custom_padding=\u00a0\u00bb|242px||||\u00a0\u00bb custom_padding_tablet=\u00a0\u00bb|242px||||\u00a0\u00bb custom_padding_phone=\u00a0\u00bb|0px|||false|false\u00a0\u00bb custom_padding_last_edited=\u00a0\u00bbon|phone\u00a0\u00bb header_font_size_tablet=\u00a0\u00bb50px\u00a0\u00bb header_font_size_phone=\u00a0\u00bb25px\u00a0\u00bb header_font_size_last_edited=\u00a0\u00bbon|phone\u00a0\u00bb global_colors_info=\u00a0\u00bb{}\u00a0\u00bb]<\/p>\n<h1>Les actualit\u00e9s<\/h1>\n<h1>de Ma\u00eetre Hamonou<\/h1>\n<p>&nbsp;<\/p>\n<p>[\/et_pb_text][et_pb_text _builder_version=\u00a0\u00bb4.16&Prime; _module_preset=\u00a0\u00bbdefault\u00a0\u00bb text_font=\u00a0\u00bbManrope||||||||\u00a0\u00bb text_text_color=\u00a0\u00bbrgba(255,255,255,0.52)\u00a0\u00bb text_font_size=\u00a0\u00bb15px\u00a0\u00bb text_line_height=\u00a0\u00bb1.8em\u00a0\u00bb max_width=\u00a0\u00bb700px\u00a0\u00bb max_width_tablet=\u00a0\u00bb518px\u00a0\u00bb max_width_phone=\u00a0\u00bb280px\u00a0\u00bb max_width_last_edited=\u00a0\u00bbon|phone\u00a0\u00bb module_alignment=\u00a0\u00bbleft\u00a0\u00bb custom_margin=\u00a0\u00bb-11px|98px|||false|false\u00a0\u00bb custom_margin_tablet=\u00a0\u00bb-30px||||false|false\u00a0\u00bb custom_margin_phone=\u00a0\u00bb-30px||||false|false\u00a0\u00bb custom_margin_last_edited=\u00a0\u00bbon|phone\u00a0\u00bb global_colors_info=\u00a0\u00bb{}\u00a0\u00bb]<\/p>\n<div class=\"et_pb_module et_pb_text et_pb_text_1  et_pb_text_align_left et_pb_bg_layout_light\">\n<div class=\"et_pb_text_inner\">\n<p class=\"p1\"><span>Dans cette rubrique, retrouvez les actualit\u00e9s juridiques s\u00e9lectionn\u00e9es par Ma\u00eetre Cave. Vous y trouverez des r\u00e9ponses \u00e0 de nombreuses questions pratiques, ainsi que des infographies con\u00e7ues pour rendre les notions juridiques accessibles en un clin d\u2019\u0153il.<\/span><\/p>\n<\/div>\n<\/div>\n<p>[\/et_pb_text][et_pb_button button_url=\u00a0\u00bb@ET-DC@eyJkeW5hbWljIjp0cnVlLCJjb250ZW50IjoicG9zdF9saW5rX3VybF9wYWdlIiwic2V0dGluZ3MiOnsicG9zdF9pZCI6IjE2MyJ9fQ==@\u00a0\u00bb button_text=\u00a0\u00bbNous contacter\u00a0\u00bb _builder_version=\u00a0\u00bb4.16&Prime; _dynamic_attributes=\u00a0\u00bbbutton_url\u00a0\u00bb _module_preset=\u00a0\u00bbdefault\u00a0\u00bb custom_button=\u00a0\u00bbon\u00a0\u00bb button_text_size=\u00a0\u00bb14px\u00a0\u00bb button_text_color=\u00a0\u00bbgcid-96f64fd3-477a-4d0a-966b-d466b90a8e44&Prime; button_bg_color=\u00a0\u00bbgcid-6b801917-549c-40a4-868c-e090799aa039&Prime; button_border_width=\u00a0\u00bb1px\u00a0\u00bb button_border_color=\u00a0\u00bbgcid-6b801917-549c-40a4-868c-e090799aa039&Prime; button_border_radius=\u00a0\u00bb0px\u00a0\u00bb button_font=\u00a0\u00bbManrope|600|||||||\u00a0\u00bb button_use_icon=\u00a0\u00bboff\u00a0\u00bb custom_margin=\u00a0\u00bb30px||||false|false\u00a0\u00bb custom_padding=\u00a0\u00bb8px|22px|8px|22px|true|true\u00a0\u00bb global_colors_info=\u00a0\u00bb{%22gcid-6b801917-549c-40a4-868c-e090799aa039%22:%91%22button_bg_color%22,%22button_border_color%22,%22button_text_color__hover%22,%22button_border_color__hover%22%93,%22gcid-96f64fd3-477a-4d0a-966b-d466b90a8e44%22:%91%22button_text_color%22%93}\u00a0\u00bb button_text_color__hover_enabled=\u00a0\u00bbon|hover\u00a0\u00bb button_text_color__hover=\u00a0\u00bb#fe6f62&Prime; button_bg_color__hover_enabled=\u00a0\u00bbon|hover\u00a0\u00bb button_bg_color__hover=\u00a0\u00bbRGBA(255,255,255,0)\u00a0\u00bb button_bg_enable_color__hover=\u00a0\u00bbon\u00a0\u00bb button_border_color__hover_enabled=\u00a0\u00bbon|hover\u00a0\u00bb button_border_color__hover=\u00a0\u00bb#fe6f62&Prime; button_letter_spacing__hover_enabled=\u00a0\u00bbon|hover\u00a0\u00bb button_letter_spacing__hover=\u00a0\u00bb0px\u00a0\u00bb][\/et_pb_button][\/et_pb_column][\/et_pb_row][\/et_pb_section][et_pb_section fb_built=\u00a0\u00bb1&Prime; _builder_version=\u00a0\u00bb4.16&Prime; _module_preset=\u00a0\u00bbdefault\u00a0\u00bb custom_margin=\u00a0\u00bb0px||0px||true|false\u00a0\u00bb custom_padding=\u00a0\u00bb42px||42px||true|false\u00a0\u00bb global_colors_info=\u00a0\u00bb{}\u00a0\u00bb][et_pb_row _builder_version=\u00a0\u00bb4.27.5&Prime; _module_preset=\u00a0\u00bbdefault\u00a0\u00bb custom_margin=\u00a0\u00bb0px||0px||true|false\u00a0\u00bb custom_padding=\u00a0\u00bb22px||22px||true|false\u00a0\u00bb global_colors_info=\u00a0\u00bb{}\u00a0\u00bb][et_pb_column type=\u00a0\u00bb4_4&Prime; _builder_version=\u00a0\u00bb4.27.5&Prime; _module_preset=\u00a0\u00bbdefault\u00a0\u00bb global_colors_info=\u00a0\u00bb{}\u00a0\u00bb][et_pb_blog fullwidth=\u00a0\u00bboff\u00a0\u00bb posts_number=\u00a0\u00bb6&Prime; include_categories=\u00a0\u00bball\u00a0\u00bb show_author=\u00a0\u00bboff\u00a0\u00bb show_date=\u00a0\u00bboff\u00a0\u00bb show_categories=\u00a0\u00bboff\u00a0\u00bb use_overlay=\u00a0\u00bbon\u00a0\u00bb overlay_icon_color=\u00a0\u00bb#FFFFFF\u00a0\u00bb hover_overlay_color=\u00a0\u00bbrgba(27,18,61,0.6)\u00a0\u00bb hover_icon=\u00a0\u00bb&#xf56b;||fa||900&Prime; _builder_version=\u00a0\u00bb4.27.4&Prime; header_font=\u00a0\u00bbPlayfair Display|700|||||||\u00a0\u00bb header_text_align=\u00a0\u00bbleft\u00a0\u00bb header_line_height=\u00a0\u00bb1.3em\u00a0\u00bb body_font=\u00a0\u00bb||||||||\u00a0\u00bb body_text_align=\u00a0\u00bbleft\u00a0\u00bb body_line_height=\u00a0\u00bb2em\u00a0\u00bb meta_font=\u00a0\u00bb|700|||||||\u00a0\u00bb meta_font_size=\u00a0\u00bb16px\u00a0\u00bb meta_line_height=\u00a0\u00bb1.8em\u00a0\u00bb pagination_font=\u00a0\u00bbHeebo|900|||||||\u00a0\u00bb pagination_text_color=\u00a0\u00bb#1b123d\u00a0\u00bb pagination_font_size=\u00a0\u00bb24px\u00a0\u00bb pagination_line_height=\u00a0\u00bb1.8em\u00a0\u00bb background_enable_color=\u00a0\u00bboff\u00a0\u00bb meta_font_size_tablet=\u00a0\u00bb14px\u00a0\u00bb meta_font_size_phone=\u00a0\u00bb\u00a0\u00bb meta_font_size_last_edited=\u00a0\u00bbon|phone\u00a0\u00bb pagination_font_size_tablet=\u00a0\u00bb20px\u00a0\u00bb pagination_font_size_phone=\u00a0\u00bb16px\u00a0\u00bb pagination_font_size_last_edited=\u00a0\u00bbon|phone\u00a0\u00bb border_width_all=\u00a0\u00bb0px\u00a0\u00bb global_colors_info=\u00a0\u00bb{}\u00a0\u00bb theme_builder_area=\u00a0\u00bbpost_content\u00a0\u00bb][\/et_pb_blog][\/et_pb_column][\/et_pb_row][\/et_pb_section]<\/p>\n","protected":false},"excerpt":{"rendered":"<p>Les actualit\u00e9s de Ma\u00eetre Hamonou &nbsp; Dans cette rubrique, retrouvez les actualit\u00e9s juridiques s\u00e9lectionn\u00e9es par Ma\u00eetre Cave. Vous y trouverez des r\u00e9ponses \u00e0 de nombreuses questions pratiques, ainsi que des infographies con\u00e7ues pour rendre les notions juridiques accessibles en un clin d\u2019\u0153il.<\/p>\n","protected":false},"author":1,"featured_media":38502,"parent":0,"menu_order":0,"comment_status":"closed","ping_status":"closed","template":"","meta":{"_et_pb_use_builder":"on","_et_pb_old_content":"","_et_gb_content_width":"","footnotes":""},"dipi_cpt_category":[],"class_list":["post-41343","page","type-page","status-publish","has-post-thumbnail","hentry"],"yoast_head":"<!-- This site is optimized with the Yoast SEO plugin v20.8 - https:\/\/yoast.com\/wordpress\/plugins\/seo\/ -->\n<title>Actualit\u00e9s - Ma\u00eetre Th\u00e9r\u00e8se Hamonou<\/title>\n<meta name=\"description\" content=\"Retrouvez les actualit\u00e9s juridiques avec Ma\u00eetre Hamonou : analyses, informations sur les \u00e9volutions du droit et de la jurisprudence.\" \/>\n<meta name=\"robots\" content=\"index, follow, max-snippet:-1, max-image-preview:large, max-video-preview:-1\" \/>\n<link rel=\"canonical\" href=\"https:\/\/prodboc.fr\/site36\/actualites\/\" \/>\n<meta property=\"og:locale\" content=\"fr_FR\" \/>\n<meta property=\"og:type\" content=\"article\" \/>\n<meta property=\"og:title\" content=\"Actualit\u00e9s - Ma\u00eetre Th\u00e9r\u00e8se Hamonou\" \/>\n<meta property=\"og:description\" content=\"Retrouvez les actualit\u00e9s juridiques avec Ma\u00eetre Hamonou : analyses, informations sur les \u00e9volutions du droit et de la jurisprudence.\" \/>\n<meta property=\"og:url\" content=\"https:\/\/prodboc.fr\/site36\/actualites\/\" \/>\n<meta property=\"og:site_name\" content=\"Ma\u00eetre Th\u00e9r\u00e8se Hamonou\" \/>\n<meta property=\"article:modified_time\" content=\"2026-02-16T11:54:40+00:00\" \/>\n<meta property=\"og:image\" content=\"https:\/\/prodboc.fr\/site36\/wp-content\/uploads\/2022\/02\/femme-notaire-scaled.jpg\" \/>\n\t<meta property=\"og:image:width\" content=\"2560\" \/>\n\t<meta property=\"og:image:height\" content=\"1709\" \/>\n\t<meta property=\"og:image:type\" content=\"image\/jpeg\" \/>\n<meta name=\"twitter:card\" content=\"summary_large_image\" \/>\n<meta name=\"twitter:label1\" content=\"Dur\u00e9e de lecture estim\u00e9e\" \/>\n\t<meta name=\"twitter:data1\" content=\"11 minutes\" \/>\n<script type=\"application\/ld+json\" class=\"yoast-schema-graph\">{\"@context\":\"https:\/\/schema.org\",\"@graph\":[{\"@type\":\"WebPage\",\"@id\":\"https:\/\/prodboc.fr\/site36\/actualites\/\",\"url\":\"https:\/\/prodboc.fr\/site36\/actualites\/\",\"name\":\"Actualit\u00e9s - Ma\u00eetre Th\u00e9r\u00e8se Hamonou\",\"isPartOf\":{\"@id\":\"https:\/\/prodboc.fr\/site36\/#website\"},\"datePublished\":\"2026-02-16T11:50:06+00:00\",\"dateModified\":\"2026-02-16T11:54:40+00:00\",\"description\":\"Retrouvez les actualit\u00e9s juridiques avec Ma\u00eetre Hamonou : analyses, informations sur les \u00e9volutions du droit et de la jurisprudence.\",\"breadcrumb\":{\"@id\":\"https:\/\/prodboc.fr\/site36\/actualites\/#breadcrumb\"},\"inLanguage\":\"fr-FR\",\"potentialAction\":[{\"@type\":\"ReadAction\",\"target\":[\"https:\/\/prodboc.fr\/site36\/actualites\/\"]}]},{\"@type\":\"BreadcrumbList\",\"@id\":\"https:\/\/prodboc.fr\/site36\/actualites\/#breadcrumb\",\"itemListElement\":[{\"@type\":\"ListItem\",\"position\":1,\"name\":\"Accueil\",\"item\":\"https:\/\/prodboc.fr\/site36\/\"},{\"@type\":\"ListItem\",\"position\":2,\"name\":\"Actualit\u00e9s\"}]},{\"@type\":\"WebSite\",\"@id\":\"https:\/\/prodboc.fr\/site36\/#website\",\"url\":\"https:\/\/prodboc.fr\/site36\/\",\"name\":\"Ma\u00eetre Th\u00e9r\u00e8se Hamonou\",\"description\":\"Notaire \u00e0 Carri\u00e8res-sous-Poissy\",\"potentialAction\":[{\"@type\":\"SearchAction\",\"target\":{\"@type\":\"EntryPoint\",\"urlTemplate\":\"https:\/\/prodboc.fr\/site36\/?s={search_term_string}\"},\"query-input\":\"required name=search_term_string\"}],\"inLanguage\":\"fr-FR\"}]}<\/script>\n<!-- \/ Yoast SEO plugin. -->","yoast_head_json":{"title":"Actualit\u00e9s - Ma\u00eetre Th\u00e9r\u00e8se Hamonou","description":"Retrouvez les actualit\u00e9s juridiques avec Ma\u00eetre Hamonou : analyses, informations sur les \u00e9volutions du droit et de la jurisprudence.","robots":{"index":"index","follow":"follow","max-snippet":"max-snippet:-1","max-image-preview":"max-image-preview:large","max-video-preview":"max-video-preview:-1"},"canonical":"https:\/\/prodboc.fr\/site36\/actualites\/","og_locale":"fr_FR","og_type":"article","og_title":"Actualit\u00e9s - Ma\u00eetre Th\u00e9r\u00e8se Hamonou","og_description":"Retrouvez les actualit\u00e9s juridiques avec Ma\u00eetre Hamonou : analyses, informations sur les \u00e9volutions du droit et de la jurisprudence.","og_url":"https:\/\/prodboc.fr\/site36\/actualites\/","og_site_name":"Ma\u00eetre Th\u00e9r\u00e8se Hamonou","article_modified_time":"2026-02-16T11:54:40+00:00","og_image":[{"width":2560,"height":1709,"url":"https:\/\/prodboc.fr\/site36\/wp-content\/uploads\/2022\/02\/femme-notaire-scaled.jpg","type":"image\/jpeg"}],"twitter_card":"summary_large_image","twitter_misc":{"Dur\u00e9e de lecture estim\u00e9e":"11 minutes"},"schema":{"@context":"https:\/\/schema.org","@graph":[{"@type":"WebPage","@id":"https:\/\/prodboc.fr\/site36\/actualites\/","url":"https:\/\/prodboc.fr\/site36\/actualites\/","name":"Actualit\u00e9s - Ma\u00eetre Th\u00e9r\u00e8se Hamonou","isPartOf":{"@id":"https:\/\/prodboc.fr\/site36\/#website"},"datePublished":"2026-02-16T11:50:06+00:00","dateModified":"2026-02-16T11:54:40+00:00","description":"Retrouvez les actualit\u00e9s juridiques avec Ma\u00eetre Hamonou : analyses, informations sur les \u00e9volutions du droit et de la jurisprudence.","breadcrumb":{"@id":"https:\/\/prodboc.fr\/site36\/actualites\/#breadcrumb"},"inLanguage":"fr-FR","potentialAction":[{"@type":"ReadAction","target":["https:\/\/prodboc.fr\/site36\/actualites\/"]}]},{"@type":"BreadcrumbList","@id":"https:\/\/prodboc.fr\/site36\/actualites\/#breadcrumb","itemListElement":[{"@type":"ListItem","position":1,"name":"Accueil","item":"https:\/\/prodboc.fr\/site36\/"},{"@type":"ListItem","position":2,"name":"Actualit\u00e9s"}]},{"@type":"WebSite","@id":"https:\/\/prodboc.fr\/site36\/#website","url":"https:\/\/prodboc.fr\/site36\/","name":"Ma\u00eetre Th\u00e9r\u00e8se Hamonou","description":"Notaire \u00e0 Carri\u00e8res-sous-Poissy","potentialAction":[{"@type":"SearchAction","target":{"@type":"EntryPoint","urlTemplate":"https:\/\/prodboc.fr\/site36\/?s={search_term_string}"},"query-input":"required name=search_term_string"}],"inLanguage":"fr-FR"}]}},"_links":{"self":[{"href":"https:\/\/prodboc.fr\/site36\/wp-json\/wp\/v2\/pages\/41343","targetHints":{"allow":["GET"]}}],"collection":[{"href":"https:\/\/prodboc.fr\/site36\/wp-json\/wp\/v2\/pages"}],"about":[{"href":"https:\/\/prodboc.fr\/site36\/wp-json\/wp\/v2\/types\/page"}],"author":[{"embeddable":true,"href":"https:\/\/prodboc.fr\/site36\/wp-json\/wp\/v2\/users\/1"}],"replies":[{"embeddable":true,"href":"https:\/\/prodboc.fr\/site36\/wp-json\/wp\/v2\/comments?post=41343"}],"version-history":[{"count":5,"href":"https:\/\/prodboc.fr\/site36\/wp-json\/wp\/v2\/pages\/41343\/revisions"}],"predecessor-version":[{"id":25802878,"href":"https:\/\/prodboc.fr\/site36\/wp-json\/wp\/v2\/pages\/41343\/revisions\/25802878"}],"wp:featuredmedia":[{"embeddable":true,"href":"https:\/\/prodboc.fr\/site36\/wp-json\/wp\/v2\/media\/38502"}],"wp:attachment":[{"href":"https:\/\/prodboc.fr\/site36\/wp-json\/wp\/v2\/media?parent=41343"}],"wp:term":[{"taxonomy":"dipi_cpt_category","embeddable":true,"href":"https:\/\/prodboc.fr\/site36\/wp-json\/wp\/v2\/dipi_cpt_category?post=41343"}],"curies":[{"name":"wp","href":"https:\/\/api.w.org\/{rel}","templated":true}]}}