{"id":40669,"date":"2022-06-30T17:57:59","date_gmt":"2022-06-30T15:57:59","guid":{"rendered":"https:\/\/prodboc.fr\/site36\/?page_id=40669"},"modified":"2026-02-16T12:40:41","modified_gmt":"2026-02-16T11:40:41","slug":"mentions-legales","status":"publish","type":"page","link":"https:\/\/prodboc.fr\/site36\/mentions-legales\/","title":{"rendered":"Mentions l\u00e9gales"},"content":{"rendered":"<p>[et_pb_section fb_built=\u00a0\u00bb1&Prime; custom_padding_last_edited=\u00a0\u00bbon|phone\u00a0\u00bb _builder_version=\u00a0\u00bb4.16&Prime; _module_preset=\u00a0\u00bbdefault\u00a0\u00bb background_color=\u00a0\u00bbgcid-96f64fd3-477a-4d0a-966b-d466b90a8e44&Prime; background_color_gradient_start=\u00a0\u00bbrgba(27,18,61,0.5)\u00a0\u00bb background_color_gradient_end=\u00a0\u00bbrgba(27,18,61,0.5)\u00a0\u00bb background_enable_image=\u00a0\u00bboff\u00a0\u00bb background_position=\u00a0\u00bbtop_center\u00a0\u00bb custom_padding=\u00a0\u00bb0px||3px||false|false\u00a0\u00bb custom_padding_tablet=\u00a0\u00bb30px||30px||false|false\u00a0\u00bb custom_padding_phone=\u00a0\u00bb50px||50px||false|false\u00a0\u00bb global_colors_info=\u00a0\u00bb{%22gcid-96f64fd3-477a-4d0a-966b-d466b90a8e44%22:%91%22background_color%22%93}\u00a0\u00bb][et_pb_row use_custom_gutter=\u00a0\u00bbon\u00a0\u00bb gutter_width=\u00a0\u00bb2&Prime; make_equal=\u00a0\u00bbon\u00a0\u00bb custom_padding_last_edited=\u00a0\u00bbon|phone\u00a0\u00bb _builder_version=\u00a0\u00bb4.16&Prime; _module_preset=\u00a0\u00bbdefault\u00a0\u00bb width=\u00a0\u00bb90%\u00a0\u00bb width_tablet=\u00a0\u00bb90%\u00a0\u00bb width_phone=\u00a0\u00bb90%\u00a0\u00bb width_last_edited=\u00a0\u00bbon|tablet\u00a0\u00bb max_width=\u00a0\u00bb1200px\u00a0\u00bb max_width_tablet=\u00a0\u00bb90%\u00a0\u00bb max_width_phone=\u00a0\u00bb90%\u00a0\u00bb max_width_last_edited=\u00a0\u00bbon|desktop\u00a0\u00bb custom_padding=\u00a0\u00bb10.6vh||10.6vh||true|false\u00a0\u00bb custom_padding_tablet=\u00a0\u00bb0vh||10px||false|false\u00a0\u00bb custom_padding_phone=\u00a0\u00bb0vh||0vh||true|false\u00a0\u00bb animation_style=\u00a0\u00bbslide\u00a0\u00bb animation_direction=\u00a0\u00bbtop\u00a0\u00bb animation_duration=\u00a0\u00bb750ms\u00a0\u00bb animation_speed_curve=\u00a0\u00bbease\u00a0\u00bb global_colors_info=\u00a0\u00bb{}\u00a0\u00bb][et_pb_column type=\u00a0\u00bb4_4&Prime; _builder_version=\u00a0\u00bb4.16&Prime; _module_preset=\u00a0\u00bbdefault\u00a0\u00bb global_colors_info=\u00a0\u00bb{}\u00a0\u00bb][et_pb_text _builder_version=\u00a0\u00bb4.16&Prime; _module_preset=\u00a0\u00bbdefault\u00a0\u00bb header_font=\u00a0\u00bbJost||||||||\u00a0\u00bb header_text_align=\u00a0\u00bbleft\u00a0\u00bb header_text_color=\u00a0\u00bb#FFFFFF\u00a0\u00bb header_font_size=\u00a0\u00bb75px\u00a0\u00bb header_line_height=\u00a0\u00bb1.2em\u00a0\u00bb custom_padding=\u00a0\u00bb|150px||150px|false|true\u00a0\u00bb header_font_size_tablet=\u00a0\u00bb50px\u00a0\u00bb header_font_size_phone=\u00a0\u00bb25px\u00a0\u00bb header_font_size_last_edited=\u00a0\u00bbon|phone\u00a0\u00bb global_colors_info=\u00a0\u00bb{}\u00a0\u00bb]<\/p>\n<h1 style=\"text-align: center;\">Mentions l\u00e9gales<\/h1>\n<p>[\/et_pb_text][\/et_pb_column][\/et_pb_row][\/et_pb_section][et_pb_section fb_built=\u00a0\u00bb1&Prime; _builder_version=\u00a0\u00bb4.16&Prime; _module_preset=\u00a0\u00bbdefault\u00a0\u00bb custom_margin=\u00a0\u00bb0px||0px||true|false\u00a0\u00bb custom_padding=\u00a0\u00bb42px||42px||true|false\u00a0\u00bb global_colors_info=\u00a0\u00bb{}\u00a0\u00bb][et_pb_row _builder_version=\u00a0\u00bb4.16&Prime; _module_preset=\u00a0\u00bbdefault\u00a0\u00bb global_colors_info=\u00a0\u00bb{}\u00a0\u00bb][et_pb_column type=\u00a0\u00bb4_4&Prime; _builder_version=\u00a0\u00bb4.16&Prime; _module_preset=\u00a0\u00bbdefault\u00a0\u00bb global_colors_info=\u00a0\u00bb{}\u00a0\u00bb][et_pb_text _builder_version=\u00a0\u00bb4.21.0&Prime; _module_preset=\u00a0\u00bbdefault\u00a0\u00bb text_font=\u00a0\u00bbPoppins||||||||\u00a0\u00bb text_text_color=\u00a0\u00bb#000000&Prime; link_font=\u00a0\u00bbPoppins||||||||\u00a0\u00bb link_text_color=\u00a0\u00bbgcid-6b801917-549c-40a4-868c-e090799aa039&Prime; global_colors_info=\u00a0\u00bb{%22gcid-6b801917-549c-40a4-868c-e090799aa039%22:%91%22link_text_color%22%93}\u00a0\u00bb]<\/p>\n<p><u>1\/<strong> Informations l\u00e9gales<\/strong><\/u><\/p>\n<p><em>Cr\u00e9ation du site<\/em>\u00a0:<span>\u00a0<\/span><a href=\"https:\/\/breakout-company.com\/\">Break-Out Company<\/a><\/p>\n<p><u>Directeur de la publication<\/u> : Ma\u00eetre Th\u00e9r\u00e8se Hamonou<br \/>\u2013 <span style=\"font-weight: 400;\">\u00a0179<\/span><span style=\"font-weight: 400;\">\u00a0 avenue de l\u2019Hautil, 78955 Carri\u00e8res-sous-Poissy<\/span><br \/>\u2013<a href=\"mailto:%20therese.hamonou@paris.notaires.fr\"><span> <span style=\"font-weight: 400;\">therese.hamonou@paris.notaires.fr<\/span><\/span><\/a><br \/>\u2013 <span style=\"font-weight: 400;\">01 85 47 05 81<\/span><br \/>\u2013 SIREN : <span style=\"font-weight: 400;\">882 173 404<\/span><br \/>\u2013 TVA Intracommunautaire : <span style=\"font-weight: 400;\">FR63882173404<\/span><br \/>\u2013 Num\u00e9ro d\u2019agr\u00e9ment:<\/p>\n<p>Notaire exer\u00e7ant au sein de l\u2019office notarial (par ordre d\u2019anciennet\u00e9) : Th\u00e9r\u00e8se Hamonou<span> (nomm\u00e9e en date du 6 septembre 2022 par la Chambre interd\u00e9partementale des Notaires de Versailles).<\/span><\/p>\n<p>Le titre de notaire a \u00e9t\u00e9 conf\u00e9r\u00e9 par arr\u00eat\u00e9 du Garde des sceaux, ministre de la Justice (13 place Vend\u00f4me \u00e0 Paris), consultable au Journal Officiel de la R\u00e9publique fran\u00e7aise (www.legifrance.gouv.fr).<\/p>\n<p><span>Cr\u00e9dit<\/span>\u00a0: conception et r\u00e9alisation du site<br \/>\u2013 Break-Out Company \u2013 29 avenue des Forges \u2013 65000 TARBES<br \/>\u2013 SIRET : 814 828 968 00036<br \/>\u2013 H\u00e9bergement du site : le Site est h\u00e9berg\u00e9 par la soci\u00e9t\u00e9 OVH, dont le si\u00e8ge social est situ\u00e9 2 Rue Kellerman, 59100 ROUBAIX,<span>\u00a0<\/span><span>SAS au capital de 10 069 020 \u20ac, immatricul\u00e9e au registre du commerce et des soci\u00e9t\u00e9s de Lille M\u00e9tropole sous le no. 424 761 419 00045.<br \/>\u2013 Propri\u00e9t\u00e9 intellectuelle et droit d\u2019utilisation \u00ab\u00a0le directeur est propri\u00e9taire du site\u00a0\u00bb.<br \/>\u2013 Photos :<\/span><span>\u00a0<em>Certaines photographies sont retouch\u00e9es,<\/em><\/span><span><em>\u00a0<\/em>libres de droit (Unsplash, Pixabay)<\/span><\/p>\n<p><u>Agr\u00e9ment<span>\u00a0<\/span><\/u>: en application du Code de d\u00e9ontologie notariale pour l\u2019utilisation d\u2019internet \u00e9tabli par le Conseil Sup\u00e9rieur du Notariat, l\u2019ouverture du site internet a \u00e9t\u00e9 pr\u00e9c\u00e9d\u00e9e de l\u2019obtention de l\u2019agr\u00e9ment de la Chambre interd\u00e9partementale des notaires du Var.<\/p>\n<p><span><strong>2\/ Propri\u00e9t\u00e9 intellectuelle et droits d\u2019utilisation<\/strong><\/span><\/p>\n<p>Le Directeur est propri\u00e9taire du contenu de ce site web qu\u2019il a mis en ligne, \u00e0 l\u2019exclusion de tout autre contenu mis en ligne par l\u2019Editeur.<\/p>\n<p><span><strong>3\/ Contenus du site<\/strong><\/span><\/p>\n<div class=\"page\" title=\"Page 2\">\n<div class=\"section\">\n<div class=\"layoutArea\">\n<div class=\"column\">\n<div class=\"page\" title=\"Page 2\">\n<div class=\"section\">\n<div class=\"layoutArea\">\n<div class=\"column\">\n<p><span>Les informations contenues sur le site engagent seule la responsabilite\u0301 de leur auteur et ne sauraient\u00a0<\/span>engager la responsabilite\u0301 de l\u2019Editeur lorsque ce dernier n\u2019est pas l\u2019auteur de ces informations.<\/p>\n<\/div>\n<\/div>\n<p>L\u2019Editeur ne donne aucune garantie, explicite ou implicite, et n\u2019assume aucune responsabilite\u0301 relative\u00a0a\u0300 l\u2019utilisation de la pre\u0301sente publication.<br \/>En aucun cas, l\u2019Editeur ou un tiers implique\u0301 dans la cre\u0301ation de ce site ne sont responsables, ni ne\u00a0peuvent e\u0302tre redevables a\u0300 un utilisateur ou une autre partie, des dommages directs ou indirects,\u00a0spe\u0301ciaux, particuliers ou accessoires de\u0301coulant de l\u2019utilisation de ce site ou d\u2019un autre site relie\u0301 par un\u00a0hyperlien, notamment des pertes de profit, de l\u2019interruption des affaires, des pertes de programmes\u00a0ou d\u2019autres donne\u0301es du syste\u0300me de gestion de l\u2019information de l\u2019utilisateur ou autre, me\u0302me si l\u2019Editeur\u00a0est expresse\u0301ment informe\u0301 que des dommages sont possibles.<br \/>Votre connexion a\u0300 tout autre site exte\u0301rieur est a\u0300 vos risques exclusifs.<br \/>L\u2019Editeur fera son possible pour de\u0301livrer des informations re\u0301elles, exactes et a\u0300 jour au moment de leur\u00a0saisie. Ne\u0301anmoins, il ne donne pas de garantie quant a\u0300 la qualite\u0301, l\u2019exactitude, l\u2019actualite\u0301, l\u2019ordre ou\u00a0l\u2019exhaustivite\u0301 de l\u2019information ou des documents dans ce site, et n\u2019est tenu a\u0300 aucune mise a\u0300 jour de\u00a0ces informations.<br \/>Les autres documents sont pre\u0301sente\u0301s a\u0300 titre informatif et ne sauraient engager l\u2019Editeur.<\/p>\n<\/div>\n<div class=\"section\">\n<div class=\"page\" title=\"Page 2\">\n<div class=\"section\"><strong>4<\/strong><u><strong>\/ Litiges \u00e0 l\u2019encontre d\u2019un notaire<\/strong><\/u><\/div>\n<\/div>\n<\/div>\n<\/div>\n<\/div>\n<\/div>\n<\/div>\n<\/div>\n<p>En cas de litige non r\u00e9solu avec un notaire, vous avez la possibilit\u00e9 de saisir le m\u00e9diateur du notariat sur le site internet :<span>\u00a0<\/span><a href=\"http:\/\/mediateur-notariat.notaires.fr\/\">http:\/\/mediateur-notariat.notaires.fr<\/a>, afin de tenter, avec son aide, de trouver une r\u00e9solution amiable au conflit. (ART L 616-1 et R 616-1 du Code de la consommation)<\/p>\n<p>Vous pouvez \u00e9galement \u00e9crire au m\u00e9diateur du notariat pour recevoir un dossier \u00e0 compl\u00e9ter et \u00e0 renvoyer.<\/p>\n<div>LE MEDIATEUR DU NOTARIAT<\/div>\n<div>60, Boulevard de la TOUR-MAUBOURG<\/div>\n<div>75007 PARIS<\/div>\n<div>T\u00e9l : 01 44 90 30 28<\/div>\n<div>Fax : 01 44 90 30 30<\/div>\n<div><a href=\"mailto:mediateurdunotariat@notaires.fr\">mediateurdunotariat@notaires.fr<\/a><\/div>\n<div><u><strong><br \/>5\/ R\u00e8gles professionnelles applicables<\/strong><\/u><\/div>\n<div>\n<p>L\u2019activit\u00e9 des notaires est principalement r\u00e9gie par l\u2019ordonnance n\u00b0 45-2590 du 2 novembre 1945, le d\u00e9cret n\u00b0 45-0117 du 19 d\u00e9cembre 1945, le d\u00e9cret n\u00b0 71-941 du 26 novembre 1971, le d\u00e9cret n\u00b0 71-942 du 26 novembre 1971, le d\u00e9cret n\u00b0 73-1202 du 28 d\u00e9cembre 1973, le d\u00e9cret n\u00b0 78-262 du 8 avril 1978, le R\u00e8glement national des notaires, le R\u00e8glement inter-cours des notaires et le R\u00e8glement des notaires de la Chambre interd\u00e9partementale des <span>Notaires de Versailles.<\/span><\/p>\n<\/div>\n<p>[\/et_pb_text][\/et_pb_column][\/et_pb_row][\/et_pb_section]<\/p>\n","protected":false},"excerpt":{"rendered":"<p>Mentions l\u00e9gales1\/ Informations l\u00e9gales Cr\u00e9ation du site\u00a0:\u00a0Break-Out Company Directeur de la publication : Ma\u00eetre Th\u00e9r\u00e8se Hamonou\u2013 \u00a0179\u00a0 avenue de l\u2019Hautil, 78955 Carri\u00e8res-sous-Poissy\u2013 therese.hamonou@paris.notaires.fr\u2013 01 85 47 05 81\u2013 SIREN : 882 173 404\u2013 TVA Intracommunautaire : FR63882173404\u2013 Num\u00e9ro d\u2019agr\u00e9ment: Notaire exer\u00e7ant au sein de l\u2019office notarial (par ordre d\u2019anciennet\u00e9) : Th\u00e9r\u00e8se Hamonou (nomm\u00e9e en date [&hellip;]<\/p>\n","protected":false},"author":1,"featured_media":0,"parent":0,"menu_order":0,"comment_status":"closed","ping_status":"closed","template":"","meta":{"_et_pb_use_builder":"on","_et_pb_old_content":"","_et_gb_content_width":"","footnotes":""},"dipi_cpt_category":[],"class_list":["post-40669","page","type-page","status-publish","hentry"],"yoast_head":"<!-- This site is optimized with the Yoast SEO plugin v20.8 - https:\/\/yoast.com\/wordpress\/plugins\/seo\/ -->\n<title>Mentions l\u00e9gales - Ma\u00eetre Th\u00e9r\u00e8se Hamonou<\/title>\n<meta name=\"robots\" content=\"index, follow, max-snippet:-1, max-image-preview:large, max-video-preview:-1\" \/>\n<link rel=\"canonical\" href=\"https:\/\/prodboc.fr\/site36\/mentions-legales\/\" \/>\n<meta property=\"og:locale\" content=\"fr_FR\" \/>\n<meta property=\"og:type\" content=\"article\" \/>\n<meta property=\"og:title\" content=\"Mentions l\u00e9gales - Ma\u00eetre Th\u00e9r\u00e8se Hamonou\" \/>\n<meta property=\"og:description\" content=\"Mentions l\u00e9gales1\/ Informations l\u00e9gales Cr\u00e9ation du site\u00a0:\u00a0Break-Out Company Directeur de la publication : Ma\u00eetre Th\u00e9r\u00e8se Hamonou\u2013 \u00a0179\u00a0 avenue de l\u2019Hautil, 78955 Carri\u00e8res-sous-Poissy\u2013 therese.hamonou@paris.notaires.fr\u2013 01 85 47 05 81\u2013 SIREN : 882 173 404\u2013 TVA Intracommunautaire : FR63882173404\u2013 Num\u00e9ro d\u2019agr\u00e9ment: Notaire exer\u00e7ant au sein de l\u2019office notarial (par ordre d\u2019anciennet\u00e9) : Th\u00e9r\u00e8se Hamonou (nomm\u00e9e en date [&hellip;]\" \/>\n<meta property=\"og:url\" content=\"https:\/\/prodboc.fr\/site36\/mentions-legales\/\" \/>\n<meta property=\"og:site_name\" content=\"Ma\u00eetre Th\u00e9r\u00e8se Hamonou\" \/>\n<meta property=\"article:modified_time\" content=\"2026-02-16T11:40:41+00:00\" \/>\n<meta name=\"twitter:card\" content=\"summary_large_image\" \/>\n<meta name=\"twitter:label1\" content=\"Dur\u00e9e de lecture estim\u00e9e\" \/>\n\t<meta name=\"twitter:data1\" content=\"5 minutes\" \/>\n<script type=\"application\/ld+json\" class=\"yoast-schema-graph\">{\"@context\":\"https:\/\/schema.org\",\"@graph\":[{\"@type\":\"WebPage\",\"@id\":\"https:\/\/prodboc.fr\/site36\/mentions-legales\/\",\"url\":\"https:\/\/prodboc.fr\/site36\/mentions-legales\/\",\"name\":\"Mentions l\u00e9gales - Ma\u00eetre Th\u00e9r\u00e8se Hamonou\",\"isPartOf\":{\"@id\":\"https:\/\/prodboc.fr\/site36\/#website\"},\"datePublished\":\"2022-06-30T15:57:59+00:00\",\"dateModified\":\"2026-02-16T11:40:41+00:00\",\"breadcrumb\":{\"@id\":\"https:\/\/prodboc.fr\/site36\/mentions-legales\/#breadcrumb\"},\"inLanguage\":\"fr-FR\",\"potentialAction\":[{\"@type\":\"ReadAction\",\"target\":[\"https:\/\/prodboc.fr\/site36\/mentions-legales\/\"]}]},{\"@type\":\"BreadcrumbList\",\"@id\":\"https:\/\/prodboc.fr\/site36\/mentions-legales\/#breadcrumb\",\"itemListElement\":[{\"@type\":\"ListItem\",\"position\":1,\"name\":\"Accueil\",\"item\":\"https:\/\/prodboc.fr\/site36\/\"},{\"@type\":\"ListItem\",\"position\":2,\"name\":\"Mentions l\u00e9gales\"}]},{\"@type\":\"WebSite\",\"@id\":\"https:\/\/prodboc.fr\/site36\/#website\",\"url\":\"https:\/\/prodboc.fr\/site36\/\",\"name\":\"Ma\u00eetre Th\u00e9r\u00e8se Hamonou\",\"description\":\"Notaire \u00e0 Carri\u00e8res-sous-Poissy\",\"potentialAction\":[{\"@type\":\"SearchAction\",\"target\":{\"@type\":\"EntryPoint\",\"urlTemplate\":\"https:\/\/prodboc.fr\/site36\/?s={search_term_string}\"},\"query-input\":\"required name=search_term_string\"}],\"inLanguage\":\"fr-FR\"}]}<\/script>\n<!-- \/ Yoast SEO plugin. -->","yoast_head_json":{"title":"Mentions l\u00e9gales - Ma\u00eetre Th\u00e9r\u00e8se Hamonou","robots":{"index":"index","follow":"follow","max-snippet":"max-snippet:-1","max-image-preview":"max-image-preview:large","max-video-preview":"max-video-preview:-1"},"canonical":"https:\/\/prodboc.fr\/site36\/mentions-legales\/","og_locale":"fr_FR","og_type":"article","og_title":"Mentions l\u00e9gales - Ma\u00eetre Th\u00e9r\u00e8se Hamonou","og_description":"Mentions l\u00e9gales1\/ Informations l\u00e9gales Cr\u00e9ation du site\u00a0:\u00a0Break-Out Company Directeur de la publication : Ma\u00eetre Th\u00e9r\u00e8se Hamonou\u2013 \u00a0179\u00a0 avenue de l\u2019Hautil, 78955 Carri\u00e8res-sous-Poissy\u2013 therese.hamonou@paris.notaires.fr\u2013 01 85 47 05 81\u2013 SIREN : 882 173 404\u2013 TVA Intracommunautaire : FR63882173404\u2013 Num\u00e9ro d\u2019agr\u00e9ment: Notaire exer\u00e7ant au sein de l\u2019office notarial (par ordre d\u2019anciennet\u00e9) : Th\u00e9r\u00e8se Hamonou (nomm\u00e9e en date [&hellip;]","og_url":"https:\/\/prodboc.fr\/site36\/mentions-legales\/","og_site_name":"Ma\u00eetre Th\u00e9r\u00e8se Hamonou","article_modified_time":"2026-02-16T11:40:41+00:00","twitter_card":"summary_large_image","twitter_misc":{"Dur\u00e9e de lecture estim\u00e9e":"5 minutes"},"schema":{"@context":"https:\/\/schema.org","@graph":[{"@type":"WebPage","@id":"https:\/\/prodboc.fr\/site36\/mentions-legales\/","url":"https:\/\/prodboc.fr\/site36\/mentions-legales\/","name":"Mentions l\u00e9gales - Ma\u00eetre Th\u00e9r\u00e8se Hamonou","isPartOf":{"@id":"https:\/\/prodboc.fr\/site36\/#website"},"datePublished":"2022-06-30T15:57:59+00:00","dateModified":"2026-02-16T11:40:41+00:00","breadcrumb":{"@id":"https:\/\/prodboc.fr\/site36\/mentions-legales\/#breadcrumb"},"inLanguage":"fr-FR","potentialAction":[{"@type":"ReadAction","target":["https:\/\/prodboc.fr\/site36\/mentions-legales\/"]}]},{"@type":"BreadcrumbList","@id":"https:\/\/prodboc.fr\/site36\/mentions-legales\/#breadcrumb","itemListElement":[{"@type":"ListItem","position":1,"name":"Accueil","item":"https:\/\/prodboc.fr\/site36\/"},{"@type":"ListItem","position":2,"name":"Mentions l\u00e9gales"}]},{"@type":"WebSite","@id":"https:\/\/prodboc.fr\/site36\/#website","url":"https:\/\/prodboc.fr\/site36\/","name":"Ma\u00eetre Th\u00e9r\u00e8se Hamonou","description":"Notaire \u00e0 Carri\u00e8res-sous-Poissy","potentialAction":[{"@type":"SearchAction","target":{"@type":"EntryPoint","urlTemplate":"https:\/\/prodboc.fr\/site36\/?s={search_term_string}"},"query-input":"required name=search_term_string"}],"inLanguage":"fr-FR"}]}},"_links":{"self":[{"href":"https:\/\/prodboc.fr\/site36\/wp-json\/wp\/v2\/pages\/40669","targetHints":{"allow":["GET"]}}],"collection":[{"href":"https:\/\/prodboc.fr\/site36\/wp-json\/wp\/v2\/pages"}],"about":[{"href":"https:\/\/prodboc.fr\/site36\/wp-json\/wp\/v2\/types\/page"}],"author":[{"embeddable":true,"href":"https:\/\/prodboc.fr\/site36\/wp-json\/wp\/v2\/users\/1"}],"replies":[{"embeddable":true,"href":"https:\/\/prodboc.fr\/site36\/wp-json\/wp\/v2\/comments?post=40669"}],"version-history":[{"count":16,"href":"https:\/\/prodboc.fr\/site36\/wp-json\/wp\/v2\/pages\/40669\/revisions"}],"predecessor-version":[{"id":41341,"href":"https:\/\/prodboc.fr\/site36\/wp-json\/wp\/v2\/pages\/40669\/revisions\/41341"}],"wp:attachment":[{"href":"https:\/\/prodboc.fr\/site36\/wp-json\/wp\/v2\/media?parent=40669"}],"wp:term":[{"taxonomy":"dipi_cpt_category","embeddable":true,"href":"https:\/\/prodboc.fr\/site36\/wp-json\/wp\/v2\/dipi_cpt_category?post=40669"}],"curies":[{"name":"wp","href":"https:\/\/api.w.org\/{rel}","templated":true}]}}